{"id":15,"date":"2020-12-15T08:07:37","date_gmt":"2020-12-15T08:07:37","guid":{"rendered":"http:\/\/clinica-acercate.com\/index.php\/home\/"},"modified":"2025-10-23T14:22:03","modified_gmt":"2025-10-23T20:22:03","slug":"home","status":"publish","type":"page","link":"https:\/\/clinica-acercate.com\/","title":{"rendered":"Home"},"content":{"rendered":"\t\t<div data-elementor-type=\"wp-page\" data-elementor-id=\"15\" class=\"elementor elementor-15\">\n\t\t\t\t\t\t\t\t\t<section class=\"elementor-section elementor-top-section elementor-element elementor-element-4af01b8d elementor-section-boxed elementor-section-height-default elementor-section-height-default\" data-id=\"4af01b8d\" data-element_type=\"section\">\n\t\t\t\t\t\t<div class=\"elementor-container elementor-column-gap-default\">\n\t\t\t\t\t<div class=\"elementor-column elementor-col-100 elementor-top-column elementor-element elementor-element-1d234699\" data-id=\"1d234699\" data-element_type=\"column\">\n\t\t\t<div class=\"elementor-widget-wrap elementor-element-populated\">\n\t\t\t\t\t\t\t\t<div class=\"elementor-element elementor-element-764a7921 elementor-widget elementor-widget-heading\" data-id=\"764a7921\" data-element_type=\"widget\" data-widget_type=\"heading.default\">\n\t\t\t\t<div class=\"elementor-widget-container\">\n\t\t\t<style>\/*! elementor - v3.7.4 - 31-08-2022 *\/\n.elementor-heading-title{padding:0;margin:0;line-height:1}.elementor-widget-heading .elementor-heading-title[class*=elementor-size-]>a{color:inherit;font-size:inherit;line-height:inherit}.elementor-widget-heading .elementor-heading-title.elementor-size-small{font-size:15px}.elementor-widget-heading .elementor-heading-title.elementor-size-medium{font-size:19px}.elementor-widget-heading .elementor-heading-title.elementor-size-large{font-size:29px}.elementor-widget-heading .elementor-heading-title.elementor-size-xl{font-size:39px}.elementor-widget-heading .elementor-heading-title.elementor-size-xxl{font-size:59px}<\/style><h2 class=\"elementor-heading-title elementor-size-default\">Tu salud sexual es nuestra prioridad. <\/h2>\t\t<\/div>\n\t\t\t\t<\/div>\n\t\t\t\t\t<\/div>\n\t\t<\/div>\n\t\t\t\t\t\t\t<\/div>\n\t\t<\/section>\n\t\t\t\t<section class=\"elementor-section elementor-top-section elementor-element elementor-element-65cdec46 elementor-section-boxed elementor-section-height-default elementor-section-height-default\" data-id=\"65cdec46\" data-element_type=\"section\">\n\t\t\t\t\t\t<div class=\"elementor-container elementor-column-gap-default\">\n\t\t\t\t\t<div class=\"elementor-column elementor-col-100 elementor-top-column elementor-element elementor-element-5a91c960\" data-id=\"5a91c960\" data-element_type=\"column\">\n\t\t\t<div class=\"elementor-widget-wrap elementor-element-populated\">\n\t\t\t\t\t\t\t\t<div class=\"elementor-element elementor-element-4f6f6b8b elementor-widget elementor-widget-heading\" data-id=\"4f6f6b8b\" data-element_type=\"widget\" data-widget_type=\"heading.default\">\n\t\t\t\t<div class=\"elementor-widget-container\">\n\t\t\t<h3 class=\"elementor-heading-title elementor-size-default\">Prev\u00e9n las Infecciones sexuales con pruebas de diagn\u00f3stico y tratamientos confiables y seguros.<\/h3>\t\t<\/div>\n\t\t\t\t<\/div>\n\t\t\t\t\t<\/div>\n\t\t<\/div>\n\t\t\t\t\t\t\t<\/div>\n\t\t<\/section>\n\t\t\t\t<section class=\"elementor-section elementor-top-section elementor-element elementor-element-3bd723c elementor-section-boxed elementor-section-height-default elementor-section-height-default\" data-id=\"3bd723c\" data-element_type=\"section\">\n\t\t\t\t\t\t<div class=\"elementor-container elementor-column-gap-default\">\n\t\t\t\t\t<div class=\"elementor-column elementor-col-100 elementor-top-column elementor-element elementor-element-1fcf242b\" data-id=\"1fcf242b\" data-element_type=\"column\">\n\t\t\t<div class=\"elementor-widget-wrap elementor-element-populated\">\n\t\t\t\t\t\t\t\t<div class=\"elementor-element elementor-element-29973c8b elementor-widget elementor-widget-image\" data-id=\"29973c8b\" data-element_type=\"widget\" data-widget_type=\"image.default\">\n\t\t\t\t<div class=\"elementor-widget-container\">\n\t\t\t<style>\/*! elementor - v3.7.4 - 31-08-2022 *\/\n.elementor-widget-image{text-align:center}.elementor-widget-image a{display:inline-block}.elementor-widget-image a img[src$=\".svg\"]{width:48px}.elementor-widget-image img{vertical-align:middle;display:inline-block}<\/style>\t\t\t\t\t\t\t\t\t\t\t\t<img loading=\"lazy\" decoding=\"async\" width=\"1024\" height=\"576\" src=\"https:\/\/clinica-acercate.com\/wp-content\/uploads\/2024\/07\/WEB-CLINICA-ACERCATE-2-1024x576.png\" class=\"attachment-large size-large\" alt=\"Pruebas de ITS\" srcset=\"https:\/\/clinica-acercate.com\/wp-content\/uploads\/2024\/07\/WEB-CLINICA-ACERCATE-2-1024x576.png 1024w, https:\/\/clinica-acercate.com\/wp-content\/uploads\/2024\/07\/WEB-CLINICA-ACERCATE-2-300x169.png 300w, https:\/\/clinica-acercate.com\/wp-content\/uploads\/2024\/07\/WEB-CLINICA-ACERCATE-2-768x432.png 768w, https:\/\/clinica-acercate.com\/wp-content\/uploads\/2024\/07\/WEB-CLINICA-ACERCATE-2.png 1366w\" sizes=\"(max-width: 1024px) 100vw, 1024px\" \/>\t\t\t\t\t\t\t\t\t\t\t\t\t\t\t<\/div>\n\t\t\t\t<\/div>\n\t\t\t\t\t<\/div>\n\t\t<\/div>\n\t\t\t\t\t\t\t<\/div>\n\t\t<\/section>\n\t\t\t\t<section class=\"elementor-section elementor-top-section elementor-element elementor-element-5c4b6157 elementor-section-boxed elementor-section-height-default elementor-section-height-default\" data-id=\"5c4b6157\" data-element_type=\"section\">\n\t\t\t\t\t\t<div class=\"elementor-container elementor-column-gap-default\">\n\t\t\t\t\t<div class=\"elementor-column elementor-col-100 elementor-top-column elementor-element elementor-element-7d4e6222\" data-id=\"7d4e6222\" data-element_type=\"column\">\n\t\t\t<div class=\"elementor-widget-wrap elementor-element-populated\">\n\t\t\t\t\t\t\t\t<div class=\"elementor-element elementor-element-64a6bef6 elementor-widget elementor-widget-heading\" data-id=\"64a6bef6\" data-element_type=\"widget\" data-widget_type=\"heading.default\">\n\t\t\t\t<div class=\"elementor-widget-container\">\n\t\t\t<h2 class=\"elementor-heading-title elementor-size-default\">\u00bfPor que es importante la prevenci\u00f3n y tratamiento de infecciones sexuales?<\/h2>\t\t<\/div>\n\t\t\t\t<\/div>\n\t\t\t\t\t<\/div>\n\t\t<\/div>\n\t\t\t\t\t\t\t<\/div>\n\t\t<\/section>\n\t\t\t\t<section class=\"elementor-section elementor-top-section elementor-element elementor-element-3954de5 elementor-section-boxed elementor-section-height-default elementor-section-height-default\" data-id=\"3954de5\" data-element_type=\"section\">\n\t\t\t\t\t\t<div class=\"elementor-container elementor-column-gap-default\">\n\t\t\t\t\t<div class=\"elementor-column elementor-col-100 elementor-top-column elementor-element elementor-element-af2bade\" data-id=\"af2bade\" data-element_type=\"column\">\n\t\t\t<div class=\"elementor-widget-wrap elementor-element-populated\">\n\t\t\t\t\t\t\t\t<div class=\"elementor-element elementor-element-05cf56b elementor-widget elementor-widget-text-editor\" data-id=\"05cf56b\" data-element_type=\"widget\" data-widget_type=\"text-editor.default\">\n\t\t\t\t<div class=\"elementor-widget-container\">\n\t\t\t<style>\/*! elementor - v3.7.4 - 31-08-2022 *\/\n.elementor-widget-text-editor.elementor-drop-cap-view-stacked .elementor-drop-cap{background-color:#818a91;color:#fff}.elementor-widget-text-editor.elementor-drop-cap-view-framed .elementor-drop-cap{color:#818a91;border:3px solid;background-color:transparent}.elementor-widget-text-editor:not(.elementor-drop-cap-view-default) .elementor-drop-cap{margin-top:8px}.elementor-widget-text-editor:not(.elementor-drop-cap-view-default) .elementor-drop-cap-letter{width:1em;height:1em}.elementor-widget-text-editor .elementor-drop-cap{float:left;text-align:center;line-height:1;font-size:50px}.elementor-widget-text-editor .elementor-drop-cap-letter{display:inline-block}<\/style>\t\t\t\t<p style=\"text-align: center;\">Todos estamos expuestos a las Infecciones de transmisi\u00f3n sexual ITS (ETS), son m\u00e1s comunes de lo que piensas, es importante un diagnostico correcto y tratamiento oportuno para evitar complicaciones a largo plazo.<\/p><p style=\"text-align: center;\">En Cl\u00ednica Ac\u00e9rcate encontrar\u00e1s un ambiente c\u00e1lido y discreto, en el que te apoyaremos con temas de salud sexual y reproductiva.\u00a0<\/p><p style=\"text-align: center;\">Somos un grupo de profesionales comprometidos a darte atenci\u00f3n con calidad, seguridad, respeto y confidencial. Obtendr\u00e1s informaci\u00f3n clara y puntual, sabemos que son temas algunas veces complicados, pero te sentir\u00e1s con la confianza de resolver todas tus dudas, y por nuestra parte, te apoyaremos y orientaremos.\u00a0<\/p>\t\t\t\t\t\t<\/div>\n\t\t\t\t<\/div>\n\t\t\t\t\t<\/div>\n\t\t<\/div>\n\t\t\t\t\t\t\t<\/div>\n\t\t<\/section>\n\t\t\t\t<section class=\"elementor-section elementor-top-section elementor-element elementor-element-65fc5a88 elementor-section-boxed elementor-section-height-default elementor-section-height-default\" data-id=\"65fc5a88\" data-element_type=\"section\">\n\t\t\t\t\t\t<div class=\"elementor-container elementor-column-gap-default\">\n\t\t\t\t\t<div class=\"elementor-column elementor-col-100 elementor-top-column elementor-element elementor-element-562c2df4\" data-id=\"562c2df4\" data-element_type=\"column\">\n\t\t\t<div class=\"elementor-widget-wrap elementor-element-populated\">\n\t\t\t\t\t\t\t\t<div class=\"elementor-element elementor-element-203c6a8b elementor-widget elementor-widget-heading\" data-id=\"203c6a8b\" data-element_type=\"widget\" data-widget_type=\"heading.default\">\n\t\t\t\t<div class=\"elementor-widget-container\">\n\t\t\t<h3 class=\"elementor-heading-title elementor-size-default\">Contamos con la m\u00e1s amplia variedad de pruebas de detecci\u00f3n de infecciones sexuales.<\/h3>\t\t<\/div>\n\t\t\t\t<\/div>\n\t\t\t\t\t<\/div>\n\t\t<\/div>\n\t\t\t\t\t\t\t<\/div>\n\t\t<\/section>\n\t\t\t\t<section class=\"elementor-section elementor-top-section elementor-element elementor-element-3a3caa51 elementor-section-boxed elementor-section-height-default elementor-section-height-default\" data-id=\"3a3caa51\" data-element_type=\"section\">\n\t\t\t\t\t\t<div class=\"elementor-container elementor-column-gap-default\">\n\t\t\t\t\t<div class=\"elementor-column elementor-col-100 elementor-top-column elementor-element elementor-element-458f8f5d\" data-id=\"458f8f5d\" data-element_type=\"column\">\n\t\t\t<div class=\"elementor-widget-wrap elementor-element-populated\">\n\t\t\t\t\t\t\t\t<div class=\"elementor-element elementor-element-71e9fe7 elementor-widget elementor-widget-heading\" data-id=\"71e9fe7\" data-element_type=\"widget\" data-widget_type=\"heading.default\">\n\t\t\t\t<div class=\"elementor-widget-container\">\n\t\t\t<h2 class=\"elementor-heading-title elementor-size-default\">\u00bfBeneficios de atenderte con nosotros?<\/h2>\t\t<\/div>\n\t\t\t\t<\/div>\n\t\t\t\t\t<\/div>\n\t\t<\/div>\n\t\t\t\t\t\t\t<\/div>\n\t\t<\/section>\n\t\t\t\t<section class=\"elementor-section elementor-top-section elementor-element elementor-element-481e9ce3 elementor-section-boxed elementor-section-height-default elementor-section-height-default\" data-id=\"481e9ce3\" data-element_type=\"section\">\n\t\t\t\t\t\t<div class=\"elementor-container elementor-column-gap-default\">\n\t\t\t\t\t<div class=\"elementor-column elementor-col-50 elementor-top-column elementor-element elementor-element-33173ee4\" data-id=\"33173ee4\" data-element_type=\"column\">\n\t\t\t<div class=\"elementor-widget-wrap elementor-element-populated\">\n\t\t\t\t\t\t\t\t<div class=\"elementor-element elementor-element-6c4bba53 elementor-widget elementor-widget-text-editor\" data-id=\"6c4bba53\" data-element_type=\"widget\" data-widget_type=\"text-editor.default\">\n\t\t\t\t<div class=\"elementor-widget-container\">\n\t\t\t\t\t\t\t<ul><li>Orientaci\u00f3n y apoyo personalizado<\/li><li>Pruebas precisas<\/li><li>Rapid\u00e9z<\/li><li>Resultados confidenciales<\/li><li>Amplia disponibilidad de horarios<\/li><\/ul>\t\t\t\t\t\t<\/div>\n\t\t\t\t<\/div>\n\t\t\t\t\t<\/div>\n\t\t<\/div>\n\t\t\t\t<div class=\"elementor-column elementor-col-50 elementor-top-column elementor-element elementor-element-16d5c592\" data-id=\"16d5c592\" data-element_type=\"column\">\n\t\t\t<div class=\"elementor-widget-wrap elementor-element-populated\">\n\t\t\t\t\t\t\t\t<div class=\"elementor-element elementor-element-4afb64cc elementor-widget elementor-widget-text-editor\" data-id=\"4afb64cc\" data-element_type=\"widget\" data-widget_type=\"text-editor.default\">\n\t\t\t\t<div class=\"elementor-widget-container\">\n\t\t\t\t\t\t\t<ul><li>Ambiente c\u00e1lido y confidencial.<\/li><li>Consulta con especialistas<\/li><li>F\u00e1cil acceso<\/li><li>Apoyo a tu econom\u00eda<\/li><li>Tranquilidad para tu vida sexual<\/li><\/ul>\t\t\t\t\t\t<\/div>\n\t\t\t\t<\/div>\n\t\t\t\t\t<\/div>\n\t\t<\/div>\n\t\t\t\t\t\t\t<\/div>\n\t\t<\/section>\n\t\t\t\t<section class=\"elementor-section elementor-top-section elementor-element elementor-element-59b9792f elementor-section-boxed elementor-section-height-default elementor-section-height-default\" data-id=\"59b9792f\" data-element_type=\"section\">\n\t\t\t\t\t\t<div class=\"elementor-container elementor-column-gap-default\">\n\t\t\t\t\t<div class=\"elementor-column elementor-col-100 elementor-top-column elementor-element elementor-element-3dbf6380\" data-id=\"3dbf6380\" data-element_type=\"column\">\n\t\t\t<div class=\"elementor-widget-wrap elementor-element-populated\">\n\t\t\t\t\t\t\t\t<div class=\"elementor-element elementor-element-f5d77fa elementor-widget elementor-widget-image\" data-id=\"f5d77fa\" data-element_type=\"widget\" data-widget_type=\"image.default\">\n\t\t\t\t<div class=\"elementor-widget-container\">\n\t\t\t\t\t\t\t\t\t\t\t\t\t\t\t<img loading=\"lazy\" decoding=\"async\" width=\"1024\" height=\"576\" src=\"https:\/\/clinica-acercate.com\/wp-content\/uploads\/2024\/07\/WEB-CLINICA-ACERCATE-1-1024x576.png\" class=\"attachment-large size-large\" alt=\"Papiloma humano\" srcset=\"https:\/\/clinica-acercate.com\/wp-content\/uploads\/2024\/07\/WEB-CLINICA-ACERCATE-1-1024x576.png 1024w, https:\/\/clinica-acercate.com\/wp-content\/uploads\/2024\/07\/WEB-CLINICA-ACERCATE-1-300x169.png 300w, https:\/\/clinica-acercate.com\/wp-content\/uploads\/2024\/07\/WEB-CLINICA-ACERCATE-1-768x432.png 768w, https:\/\/clinica-acercate.com\/wp-content\/uploads\/2024\/07\/WEB-CLINICA-ACERCATE-1.png 1366w\" sizes=\"(max-width: 1024px) 100vw, 1024px\" \/>\t\t\t\t\t\t\t\t\t\t\t\t\t\t\t<\/div>\n\t\t\t\t<\/div>\n\t\t\t\t\t<\/div>\n\t\t<\/div>\n\t\t\t\t\t\t\t<\/div>\n\t\t<\/section>\n\t\t\t\t<section class=\"elementor-section elementor-top-section elementor-element elementor-element-3e73c3e8 elementor-section-boxed elementor-section-height-default elementor-section-height-default\" data-id=\"3e73c3e8\" data-element_type=\"section\">\n\t\t\t\t\t\t<div class=\"elementor-container elementor-column-gap-default\">\n\t\t\t\t\t<div class=\"elementor-column elementor-col-100 elementor-top-column elementor-element elementor-element-6b93683b\" data-id=\"6b93683b\" data-element_type=\"column\">\n\t\t\t<div class=\"elementor-widget-wrap elementor-element-populated\">\n\t\t\t\t\t\t\t\t<div class=\"elementor-element elementor-element-24f0719f elementor-widget elementor-widget-heading\" data-id=\"24f0719f\" data-element_type=\"widget\" data-widget_type=\"heading.default\">\n\t\t\t\t<div class=\"elementor-widget-container\">\n\t\t\t<h2 class=\"elementor-heading-title elementor-size-default\">Proceso f\u00e1cil y r\u00e1pido.<\/h2>\t\t<\/div>\n\t\t\t\t<\/div>\n\t\t\t\t\t<\/div>\n\t\t<\/div>\n\t\t\t\t\t\t\t<\/div>\n\t\t<\/section>\n\t\t\t\t<section class=\"elementor-section elementor-top-section elementor-element elementor-element-55b89f1d elementor-section-boxed elementor-section-height-default elementor-section-height-default\" data-id=\"55b89f1d\" data-element_type=\"section\">\n\t\t\t\t\t\t<div class=\"elementor-container elementor-column-gap-default\">\n\t\t\t\t\t<div class=\"elementor-column elementor-col-100 elementor-top-column elementor-element elementor-element-265bc31e\" data-id=\"265bc31e\" data-element_type=\"column\">\n\t\t\t<div class=\"elementor-widget-wrap elementor-element-populated\">\n\t\t\t\t\t\t\t\t<div class=\"elementor-element elementor-element-2fb92cff elementor-widget elementor-widget-heading\" data-id=\"2fb92cff\" data-element_type=\"widget\" data-widget_type=\"heading.default\">\n\t\t\t\t<div class=\"elementor-widget-container\">\n\t\t\t<h3 class=\"elementor-heading-title elementor-size-default\">\u00bfComo funciona?<\/h3>\t\t<\/div>\n\t\t\t\t<\/div>\n\t\t\t\t\t<\/div>\n\t\t<\/div>\n\t\t\t\t\t\t\t<\/div>\n\t\t<\/section>\n\t\t\t\t<section class=\"elementor-section elementor-top-section elementor-element elementor-element-4c387ba7 elementor-section-boxed elementor-section-height-default elementor-section-height-default\" data-id=\"4c387ba7\" data-element_type=\"section\">\n\t\t\t\t\t\t<div class=\"elementor-container elementor-column-gap-default\">\n\t\t\t\t\t<div class=\"elementor-column elementor-col-100 elementor-top-column elementor-element elementor-element-4c37164c\" data-id=\"4c37164c\" data-element_type=\"column\">\n\t\t\t<div class=\"elementor-widget-wrap elementor-element-populated\">\n\t\t\t\t\t\t\t\t<div class=\"elementor-element elementor-element-4a018e31 elementor-widget elementor-widget-text-editor\" data-id=\"4a018e31\" data-element_type=\"widget\" data-widget_type=\"text-editor.default\">\n\t\t\t\t<div class=\"elementor-widget-container\">\n\t\t\t\t\t\t\t<h5><strong>Realizar tus pruebas es sencillo en Cl\u00ednica Ac\u00e9rcate:<\/strong>\u00a0<\/h5><ol><li>Solicita una cita v\u00eda whatsapp.<\/li><li>Visita nuestras instalaciones.<\/li><li>Recibir\u00e1s un trato c\u00e1lido y comprensivo.<\/li><li>Consulta a nuestros especialistas para orientaci\u00f3n y diagn\u00f3stico adecuado.<\/li><li>Recibe tus resultados de manera confidencial.<\/li><li>Consulta a nuestros expertos en caso necesario, para el tratamiento adecuado.<\/li><li>Se te brindar\u00e1 un seguimiento m\u00e9dico en caso necesario.\u00a0<\/li><li>Recibir\u00e1s recomendaciones y orientaci\u00f3n sobre cuidados y prevenci\u00f3n.<\/li><li>Disfruta de tu tranquilidad y tu salud sexual.<\/li><\/ol>\t\t\t\t\t\t<\/div>\n\t\t\t\t<\/div>\n\t\t\t\t\t<\/div>\n\t\t<\/div>\n\t\t\t\t\t\t\t<\/div>\n\t\t<\/section>\n\t\t\t\t<section class=\"elementor-section elementor-top-section elementor-element elementor-element-65044e70 elementor-section-boxed elementor-section-height-default elementor-section-height-default\" data-id=\"65044e70\" data-element_type=\"section\">\n\t\t\t\t\t\t<div class=\"elementor-container elementor-column-gap-default\">\n\t\t\t\t\t<div class=\"elementor-column elementor-col-100 elementor-top-column elementor-element elementor-element-34aab4c1\" data-id=\"34aab4c1\" data-element_type=\"column\">\n\t\t\t<div class=\"elementor-widget-wrap elementor-element-populated\">\n\t\t\t\t\t\t\t\t<div class=\"elementor-element elementor-element-1bcd1e02 elementor-widget elementor-widget-image\" data-id=\"1bcd1e02\" data-element_type=\"widget\" data-widget_type=\"image.default\">\n\t\t\t\t<div class=\"elementor-widget-container\">\n\t\t\t\t\t\t\t\t\t\t\t\t\t\t\t<img loading=\"lazy\" decoding=\"async\" width=\"1024\" height=\"576\" src=\"https:\/\/clinica-acercate.com\/wp-content\/uploads\/2024\/07\/WEB-CLINICA-ACERCATE-8-1024x576.png\" class=\"attachment-large size-large\" alt=\"\" srcset=\"https:\/\/clinica-acercate.com\/wp-content\/uploads\/2024\/07\/WEB-CLINICA-ACERCATE-8-1024x576.png 1024w, https:\/\/clinica-acercate.com\/wp-content\/uploads\/2024\/07\/WEB-CLINICA-ACERCATE-8-300x169.png 300w, https:\/\/clinica-acercate.com\/wp-content\/uploads\/2024\/07\/WEB-CLINICA-ACERCATE-8-768x432.png 768w, https:\/\/clinica-acercate.com\/wp-content\/uploads\/2024\/07\/WEB-CLINICA-ACERCATE-8.png 1366w\" sizes=\"(max-width: 1024px) 100vw, 1024px\" \/>\t\t\t\t\t\t\t\t\t\t\t\t\t\t\t<\/div>\n\t\t\t\t<\/div>\n\t\t\t\t\t<\/div>\n\t\t<\/div>\n\t\t\t\t\t\t\t<\/div>\n\t\t<\/section>\n\t\t\t\t<section class=\"elementor-section elementor-top-section elementor-element elementor-element-26727a32 elementor-section-boxed elementor-section-height-default elementor-section-height-default\" data-id=\"26727a32\" data-element_type=\"section\">\n\t\t\t\t\t\t<div class=\"elementor-container elementor-column-gap-default\">\n\t\t\t\t\t<div class=\"elementor-column elementor-col-100 elementor-top-column elementor-element elementor-element-151be124\" data-id=\"151be124\" data-element_type=\"column\">\n\t\t\t<div class=\"elementor-widget-wrap elementor-element-populated\">\n\t\t\t\t\t\t\t\t<div class=\"elementor-element elementor-element-8a9b45 elementor-widget elementor-widget-heading\" data-id=\"8a9b45\" data-element_type=\"widget\" data-widget_type=\"heading.default\">\n\t\t\t\t<div class=\"elementor-widget-container\">\n\t\t\t<h2 class=\"elementor-heading-title elementor-size-default\">Nuestros servicios.<\/h2>\t\t<\/div>\n\t\t\t\t<\/div>\n\t\t\t\t\t<\/div>\n\t\t<\/div>\n\t\t\t\t\t\t\t<\/div>\n\t\t<\/section>\n\t\t\t\t<section class=\"elementor-section elementor-top-section elementor-element elementor-element-0c31abc elementor-section-boxed elementor-section-height-default elementor-section-height-default\" data-id=\"0c31abc\" data-element_type=\"section\">\n\t\t\t\t\t\t<div class=\"elementor-container elementor-column-gap-default\">\n\t\t\t\t\t<div class=\"elementor-column elementor-col-100 elementor-top-column elementor-element elementor-element-7579ca6\" data-id=\"7579ca6\" data-element_type=\"column\">\n\t\t\t<div class=\"elementor-widget-wrap elementor-element-populated\">\n\t\t\t\t\t\t\t\t<div class=\"elementor-element elementor-element-97358b6 elementor-widget elementor-widget-text-editor\" data-id=\"97358b6\" data-element_type=\"widget\" data-widget_type=\"text-editor.default\">\n\t\t\t\t<div class=\"elementor-widget-container\">\n\t\t\t\t\t\t\t<ul><li>Pruebas r\u00e1pidas para infecciones sexuales.\u00a0<\/li><li>Pruebas por detecci\u00f3n de ADN (PCR) para infecciones sexuales.\u00a0<\/li><li>Diagn\u00f3stico para VPH y verrugas genitales.<\/li><li>Tratamiento de Verrugas Genitales.\u00a0<\/li><li>Ex\u00e1menes generales de Ginecolog\u00eda.\u00a0<\/li><li>Ex\u00e1menes para salud sexual en el hombre.<\/li><li>Vacunaci\u00f3n para VPH.<\/li><li>Vacuna contra otras infecciones sexuales.<\/li><\/ul>\t\t\t\t\t\t<\/div>\n\t\t\t\t<\/div>\n\t\t\t\t\t<\/div>\n\t\t<\/div>\n\t\t\t\t\t\t\t<\/div>\n\t\t<\/section>\n\t\t\t\t\t\t\t<\/div>\n\t\t","protected":false},"excerpt":{"rendered":"<p>Tu salud sexual es nuestra prioridad. Prev\u00e9n las Infecciones sexuales con pruebas de diagn\u00f3stico y tratamientos confiables y seguros. \u00bfPor que es importante la prevenci\u00f3n y tratamiento de infecciones sexuales? Todos estamos expuestos a las Infecciones de transmisi\u00f3n sexual ITS (ETS), son m\u00e1s comunes de lo que piensas, es importante un diagnostico correcto y tratamiento &hellip;<\/p>\n<p class=\"read-more\"> <a class=\"\" href=\"https:\/\/clinica-acercate.com\/\"> <span class=\"screen-reader-text\">Home<\/span> Leer m\u00e1s &raquo;<\/a><\/p>\n","protected":false},"author":0,"featured_media":0,"parent":0,"menu_order":0,"comment_status":"closed","ping_status":"closed","template":"","meta":{"om_disable_all_campaigns":false,"_monsterinsights_skip_tracking":false,"_monsterinsights_sitenote_active":false,"_monsterinsights_sitenote_note":"","_monsterinsights_sitenote_category":0,"site-sidebar-layout":"no-sidebar","site-content-layout":"page-builder","ast-global-header-display":"","ast-main-header-display":"","ast-hfb-above-header-display":"","ast-hfb-below-header-display":"","ast-hfb-mobile-header-display":"","site-post-title":"disabled","ast-breadcrumbs-content":"","ast-featured-img":"disabled","footer-sml-layout":"","theme-transparent-header-meta":"enabled","adv-header-id-meta":"","stick-header-meta":"","header-above-stick-meta":"","header-main-stick-meta":"","header-below-stick-meta":"","_joinchat":[],"footnotes":""},"aioseo_notices":[],"_links":{"self":[{"href":"https:\/\/clinica-acercate.com\/index.php\/wp-json\/wp\/v2\/pages\/15"}],"collection":[{"href":"https:\/\/clinica-acercate.com\/index.php\/wp-json\/wp\/v2\/pages"}],"about":[{"href":"https:\/\/clinica-acercate.com\/index.php\/wp-json\/wp\/v2\/types\/page"}],"replies":[{"embeddable":true,"href":"https:\/\/clinica-acercate.com\/index.php\/wp-json\/wp\/v2\/comments?post=15"}],"version-history":[{"count":47,"href":"https:\/\/clinica-acercate.com\/index.php\/wp-json\/wp\/v2\/pages\/15\/revisions"}],"predecessor-version":[{"id":1744,"href":"https:\/\/clinica-acercate.com\/index.php\/wp-json\/wp\/v2\/pages\/15\/revisions\/1744"}],"wp:attachment":[{"href":"https:\/\/clinica-acercate.com\/index.php\/wp-json\/wp\/v2\/media?parent=15"}],"curies":[{"name":"wp","href":"https:\/\/api.w.org\/{rel}","templated":true}]}}